{"id":4575,"date":"2020-02-15T06:52:15","date_gmt":"2020-02-15T05:52:15","guid":{"rendered":"https:\/\/espai-marx.net\/?page_id=4575"},"modified":"2020-02-21T03:32:39","modified_gmt":"2020-02-21T02:32:39","slug":"publicaciones","status":"publish","type":"page","link":"https:\/\/espai-marx.net\/?page_id=4575","title":{"rendered":"Publicaciones"},"content":{"rendered":"<p>Tanto en el \u00e1mbito profesional como en el m\u00e1s militante en Espai Marx y otras organizaciones o asociaciones, algunos de nuestros miembros llevan mucho tiempo participando activamente en el mundo editorial en diversas funciones: autores, editores, traductores, etc. Esta es una peque\u00f1a muestra de su producci\u00f3n.<\/p>\n<p><strong>ELS ARBRES DE FAHRENHEIT<\/strong><\/p>\n<p>En nuestra biblioteca social hemos publicado las obras de algunos de nuestros asociados. Pueden ser, por ejemplo, ciclos de art\u00edculos reunidos en un volumen o materiales preparatorios para alg\u00fan seminario. Pero tambi\u00e9n hemos reunido en nuestro fondo obras de algunos amigos que por diversas razones no\u00a0 aparecieron en el circuito editorial o se encontraban ya agotadas.<\/p>\n<p><a href=\"https:\/\/espai-marx.net\/elsarbres\/?rcno_review=res-publica-el-pensamiento-politico-de-francisco-de-vitoria-joaquin-miras-albarran\"><img loading=\"lazy\" decoding=\"async\" class=\"attachment-colormag-featured-image size-colormag-featured-image wp-post-image lazyloaded\" src=\"https:\/\/espai-marx.net\/elsarbres\/wp-content\/uploads\/2020\/02\/Portada_Res_Publica.jpg\" alt=\"\" width=\"211\" height=\"300\" data-src=\"https:\/\/espai-marx.net\/elsarbres\/wp-content\/uploads\/2020\/02\/Portada_Res_Publica.jpg\" \/><\/a><a href=\"https:\/\/espai-marx.net\/elsarbres\/?rcno_review=spinoza-marx-nietzsche-entrevistas-con-nicolas-gonzalez-varela-salvador-lopez-arnal-ed\"><img loading=\"lazy\" decoding=\"async\" class=\"attachment-colormag-featured-image size-colormag-featured-image wp-post-image lazyloaded\" src=\"https:\/\/espai-marx.net\/elsarbres\/wp-content\/uploads\/2020\/02\/CubiertaSLA_NGV_2_.jpg\" alt=\"\" width=\"214\" height=\"300\" data-src=\"https:\/\/espai-marx.net\/elsarbres\/wp-content\/uploads\/2020\/02\/CubiertaSLA_NGV_2_.jpg\" \/><\/a><a href=\"https:\/\/espai-marx.net\/elsarbres\/?rcno_review=les-dones-del-psuc-soledad-bengoechea\"><img loading=\"lazy\" decoding=\"async\" class=\"attachment-colormag-featured-image size-colormag-featured-image wp-post-image lazyloaded\" src=\"https:\/\/espai-marx.net\/elsarbres\/wp-content\/uploads\/2020\/02\/Sin_t_tulo-2.jpg\" alt=\"\" width=\"212\" height=\"300\" data-src=\"https:\/\/espai-marx.net\/elsarbres\/wp-content\/uploads\/2020\/02\/Sin_t_tulo-2.jpg\" \/><\/a><\/p>\n<p>Para acceder al listado de todas las obras publicadas como Espai Marx entra en <a href=\"https:\/\/espai-marx.net\/elsarbres\/?rcno_publisher=espai-marx\">nuestro cat\u00e1logo.<\/a><\/p>\n<p><strong>OTRAS EDITORIALES<\/strong><\/p>\n<p>La mayor parte de las publicaciones, sin embargo y como es l\u00f3gico, aparecieron en editoriales espa\u00f1olas. Veamos de nuevo una muestra.<\/p>\n<p><strong>Como autores<\/strong><\/p>\n<p><a href=\"https:\/\/espai-marx.net\/wp-content\/uploads\/2020\/02\/praxis_politica.jpg\"><img loading=\"lazy\" decoding=\"async\" class=\"alignnone size-medium wp-image-4580\" src=\"https:\/\/espai-marx.net\/wp-content\/uploads\/2020\/02\/praxis_politica-200x300.jpg\" alt=\"\" width=\"200\" height=\"300\" srcset=\"https:\/\/espai-marx.net\/wp-content\/uploads\/2020\/02\/praxis_politica-200x300.jpg 200w, https:\/\/espai-marx.net\/wp-content\/uploads\/2020\/02\/praxis_politica.jpg 392w\" sizes=\"auto, (max-width: 200px) 100vw, 200px\" \/><\/a><a href=\"https:\/\/espai-marx.net\/wp-content\/uploads\/2020\/02\/entre_clasicos.jpg\"><img loading=\"lazy\" decoding=\"async\" class=\"alignnone wp-image-4584\" src=\"https:\/\/espai-marx.net\/wp-content\/uploads\/2020\/02\/entre_clasicos-212x300.jpg\" alt=\"\" width=\"210\" height=\"297\" srcset=\"https:\/\/espai-marx.net\/wp-content\/uploads\/2020\/02\/entre_clasicos-212x300.jpg 212w, https:\/\/espai-marx.net\/wp-content\/uploads\/2020\/02\/entre_clasicos.jpg 353w\" sizes=\"auto, (max-width: 210px) 100vw, 210px\" \/><\/a><a href=\"https:\/\/espai-marx.net\/wp-content\/uploads\/2020\/02\/la_rereguarda_en_guerra.jpg\"><img loading=\"lazy\" decoding=\"async\" class=\"alignnone size-medium wp-image-4582\" src=\"https:\/\/espai-marx.net\/wp-content\/uploads\/2020\/02\/la_rereguarda_en_guerra-204x300.jpg\" alt=\"\" width=\"204\" height=\"300\" srcset=\"https:\/\/espai-marx.net\/wp-content\/uploads\/2020\/02\/la_rereguarda_en_guerra-204x300.jpg 204w, https:\/\/espai-marx.net\/wp-content\/uploads\/2020\/02\/la_rereguarda_en_guerra.jpg 339w\" sizes=\"auto, (max-width: 204px) 100vw, 204px\" \/><\/a><\/p>\n<p><strong>Como editores<\/strong><\/p>\n<p><a href=\"https:\/\/espai-marx.net\/wp-content\/uploads\/2020\/02\/la_gran_guerra_y_la_revolucion.jpg\"><img loading=\"lazy\" decoding=\"async\" class=\"alignnone size-medium wp-image-4583\" src=\"https:\/\/espai-marx.net\/wp-content\/uploads\/2020\/02\/la_gran_guerra_y_la_revolucion-200x300.jpg\" alt=\"\" width=\"200\" height=\"300\" srcset=\"https:\/\/espai-marx.net\/wp-content\/uploads\/2020\/02\/la_gran_guerra_y_la_revolucion-200x300.jpg 200w, https:\/\/espai-marx.net\/wp-content\/uploads\/2020\/02\/la_gran_guerra_y_la_revolucion.jpg 333w\" sizes=\"auto, (max-width: 200px) 100vw, 200px\" \/><\/a><a href=\"https:\/\/espai-marx.net\/wp-content\/uploads\/2020\/02\/marx-a-contracorriente-.jpg\"><img loading=\"lazy\" decoding=\"async\" class=\"alignnone wp-image-4585\" src=\"https:\/\/espai-marx.net\/wp-content\/uploads\/2020\/02\/marx-a-contracorriente--197x300.jpg\" alt=\"\" width=\"200\" height=\"305\" srcset=\"https:\/\/espai-marx.net\/wp-content\/uploads\/2020\/02\/marx-a-contracorriente--197x300.jpg 197w, https:\/\/espai-marx.net\/wp-content\/uploads\/2020\/02\/marx-a-contracorriente-.jpg 345w\" sizes=\"auto, (max-width: 200px) 100vw, 200px\" \/><\/a><a href=\"https:\/\/espai-marx.net\/wp-content\/uploads\/2020\/02\/democracia_y_lucha_deLclases_antiguedad.jpg\"><img loading=\"lazy\" decoding=\"async\" class=\"alignnone wp-image-4586\" src=\"https:\/\/espai-marx.net\/wp-content\/uploads\/2020\/02\/democracia_y_lucha_deLclases_antiguedad-212x300.jpg\" alt=\"\" width=\"214\" height=\"303\" srcset=\"https:\/\/espai-marx.net\/wp-content\/uploads\/2020\/02\/democracia_y_lucha_deLclases_antiguedad-212x300.jpg 212w, https:\/\/espai-marx.net\/wp-content\/uploads\/2020\/02\/democracia_y_lucha_deLclases_antiguedad.jpg 226w\" sizes=\"auto, (max-width: 214px) 100vw, 214px\" \/><\/a><\/p>\n<p><strong>Como traductores<\/strong><\/p>\n<p><a href=\"https:\/\/espai-marx.net\/wp-content\/uploads\/2020\/02\/la_libertad_paso_como_una_tormenta.jpg\"><img loading=\"lazy\" decoding=\"async\" class=\"alignnone size-medium wp-image-4587\" src=\"https:\/\/espai-marx.net\/wp-content\/uploads\/2020\/02\/la_libertad_paso_como_una_tormenta-212x300.jpg\" alt=\"\" width=\"212\" height=\"300\" srcset=\"https:\/\/espai-marx.net\/wp-content\/uploads\/2020\/02\/la_libertad_paso_como_una_tormenta-212x300.jpg 212w, https:\/\/espai-marx.net\/wp-content\/uploads\/2020\/02\/la_libertad_paso_como_una_tormenta.jpg 354w\" sizes=\"auto, (max-width: 212px) 100vw, 212px\" \/><\/a><a href=\"https:\/\/espai-marx.net\/wp-content\/uploads\/2020\/02\/el_final_del_crecimiento.jpg\"><img loading=\"lazy\" decoding=\"async\" class=\"alignnone size-medium wp-image-4588\" src=\"https:\/\/espai-marx.net\/wp-content\/uploads\/2020\/02\/el_final_del_crecimiento-197x300.jpg\" alt=\"\" width=\"197\" height=\"300\" srcset=\"https:\/\/espai-marx.net\/wp-content\/uploads\/2020\/02\/el_final_del_crecimiento-197x300.jpg 197w, https:\/\/espai-marx.net\/wp-content\/uploads\/2020\/02\/el_final_del_crecimiento.jpg 328w\" sizes=\"auto, (max-width: 197px) 100vw, 197px\" \/><\/a><\/p>\n<p><strong>Esbozos biobibliogr\u00e1ficos en Viejo Topo<\/strong><\/p>\n<p class=\"entry-title single-title\"><img loading=\"lazy\" decoding=\"async\" class=\"attachment-full wp-post-image alignleft\" src=\"https:\/\/www.elviejotopo.com\/wp-content\/uploads\/2017\/04\/J.-Miras.jpg\" sizes=\"auto, (max-width: 390px) 100vw, 390px\" srcset=\"https:\/\/www.elviejotopo.com\/wp-content\/uploads\/2017\/04\/J.-Miras.jpg 390w, https:\/\/www.elviejotopo.com\/wp-content\/uploads\/2017\/04\/J.-Miras-300x262.jpg 300w\" alt=\"Joaqu\u00edn Miras Albarr\u00e1n\" width=\"209\" height=\"182\" \/><\/p>\n<p><strong>Joaqu\u00edn Miras Albarr\u00e1n<\/strong>\u00a0(Barcelona, 1953). Comunista marxista. Licenciado en Filolog\u00eda.\u00a0 Profesor de IES.<\/p>\n<p>Ha militado durante casi 30 a\u00f1os en organizaciones pol\u00edticas comunistas (PSUC, PCC). Fue director de la revista de teor\u00eda pol\u00edtica Realitat entre 1988 y 1999. Ensayista, ha publicado numerosos trabajos de filosof\u00eda pol\u00edtica.<\/p>\n<p>Ha sido presidente de la <a href=\"https:\/\/espai-marx.net\/es\" target=\"_blank\" rel=\"noopener noreferrer\">Asociaci\u00f3n Espai Marx<\/a>, espacio de reflexi\u00f3n y di\u00e1logo permanente sobre la obra de Marx y su vigencia. Animado por personas procedentes de diversas corrientes de tradici\u00f3n marxista. Contiene secciones y dossiers tem\u00e1ticos sobre econom\u00eda, Am\u00e9rica Latina, democracia, historia\u2026<\/p>\n<p>Su concepci\u00f3n del\u00a0\u00a0marxismo se inspira en los autores marxistas que consideran esta tradici\u00f3n como una praxeolog\u00eda o filosofar sobre la actividad, esto es, como un saber segundo que reflexiona sobre la actividad desarrollada: Gramsci, Lukacs, Arthur Rosenberg, Thompson, Pasolini\u2026<\/p>\n<p>Ha trabajado en la restituci\u00f3n del pensamiento pol\u00edtico res publicano a la reflexi\u00f3n marxista.<\/p>\n<p>Ha publicado en la editorial El Viejo Topo, entre otros, los libros\u00a0<a href=\"http:\/\/tienda.elviejotopo.com\/teoria-politica\/961-repensar-la-politica-refundar-la-izquierda-9788495776181.html\" target=\"_blank\" rel=\"noopener noreferrer\"><em>Repensar la pol\u00edtica. Refundar la izquierda. Historia y desarrollo posible de la tradici\u00f3n de la Democracia\u00a0<\/em><\/a>(2002),\u00a0<em><a href=\"http:\/\/tienda.elviejotopo.com\/politica-espanola\/1045-la-izquierda-como-problema-9788415216728.html\" target=\"_blank\" rel=\"noopener noreferrer\">La izquierda como problema<\/a>,\u00a0<\/em>junto a Joan Tafalla, (2013) \u00a0y\u00a0<a href=\"http:\/\/tienda.elviejotopo.com\/home\/1320-praxis-politica-y-estado-republicano-9788416288830.html\" target=\"_blank\" rel=\"noopener noreferrer\"><em>Praxis pol\u00edtica y Estado Republicano. Cr\u00edtica del republicanismo liberal\u00a0<\/em><\/a>(2016).<\/p>\n<p><img loading=\"lazy\" decoding=\"async\" class=\"attachment-full wp-post-image alignleft\" style=\"font-size: 16px;\" src=\"https:\/\/www.elviejotopo.com\/wp-content\/uploads\/2015\/11\/Lopez-Arnal-Santiago.jpg\" alt=\"Salvador L\u00f3pez Arnal\" width=\"206\" height=\"179\" \/><\/p>\n<p><strong>Salvador L\u00f3pez Arnal<\/strong>\u00a0es profesor-tutor de Matem\u00e1ticas en la UNED y de ciclos formativos en el IES Puig Castellar de Santa Coloma de Gramenet (Barcelona). Colaborador de\u00a0<em>El Viejo Topo<\/em>,\u00a0<em>Papeles de relaciones ecosociales y cambio global<\/em>\u00a0y de\u00a0<em><a href=\"http:\/\/www.rebelion.org\/\" target=\"_blank\" rel=\"noopener noreferrer\">Rebeli\u00f3n<\/a><\/em>, ha sido editor de varios ensayos de\u00a0Manuel Sacrist\u00e1n (<em><a href=\"http:\/\/tienda.elviejotopo.com\/home\/1262-sobre-manuel-sacristan-9788416288526.html\" target=\"_blank\" rel=\"noopener noreferrer\">Sobre Manuel Sacrist\u00e1n<\/a><\/em>,\u00a0<em><a href=\"http:\/\/tienda.elviejotopo.com\/teoria-politica\/1076-integral-sacristan-9788496356894.html\" target=\"_blank\" rel=\"noopener noreferrer\">Integral Sacrist\u00e1n<\/a><\/em>,\u00a0<em><a href=\"http:\/\/tienda.elviejotopo.com\/teoria-politica\/1021-marx-maximas-aforismos-y-reflexiones-con-algunas-variables-libres-9788495776648.html\" target=\"_blank\" rel=\"noopener noreferrer\">M.A.R.X. M\u00e1ximas, aforismos y reflexiones con algunas variables libres<\/a>,\u00a0<\/em>entre muchos otros). Sus libros m\u00e1s recientes son\u00a0<em>Entre cl\u00e1sicos<\/em>\u00a0(La Oveja Roja, Madrid, 2012), es coeditor de\u00a0<em><a href=\"http:\/\/tienda.elviejotopo.com\/pensamiento\/992-para-la-tercera-cultura-ensayos-sobre-ciencias-y-humanidades-9788492616053.html\" target=\"_blank\" rel=\"noopener noreferrer\">Sobre federalismo, autodeterminaci\u00f3n y republicanismo<\/a><\/em>\u00a0(El Viejo Topo) y\u00a0<em><a href=\"http:\/\/www.tienda.elviejotopo.com\/prestashop\/pensamiento\/992-para-la-tercera-cultura-ensayos-sobre-ciencias-y-humanidades-9788492616053.html?search_query=Salvador+Lopez+Arnal&amp;results=18\" target=\"_blank\" rel=\"noopener noreferrer\">Para la Tercera Cultura. Ensayos sobre Ciencias y Humanidades<\/a><\/em>. Tambi\u00e9n es autor de\u00a0<em><a href=\"http:\/\/tienda.elviejotopo.com\/ecologia\/1166-ciencia-en-el-agora-9788415216766.html\" target=\"_blank\" rel=\"noopener noreferrer\">Ciencia en el \u00e1gora<\/a>\u00a0<\/em>(El Viejo Topo, Barcelona, 2012), junto a Eduard Rodr\u00edguez Farr\u00e9, y\u00a0<em><a href=\"http:\/\/tienda.elviejotopo.com\/ecologia\/1169-casi-todo-lo-que-usted-desea-saber-sobre-los-efectos-de-la-energia-nuclear-en-la-salud-y-el-medioambiente-9788496831636.html\" target=\"_blank\" rel=\"noopener noreferrer\">Casi todo lo que usted desea saber sobre los efectos de la energ\u00eda nuclear en la salud y el medioambiente<\/a><\/em>. Acaba de editar, junto a Jordi Mir,\u00a0<em><a href=\"http:\/\/tienda.elviejotopo.com\/home\/3017-marx-a-contracorriente--9788416995721.html\">Marx a contracorriente. En el bicentenario del nacimiento del autor de El Capital<\/a><\/em>.<\/p>\n<p>&nbsp;<\/p>\n<p><img loading=\"lazy\" decoding=\"async\" class=\"attachment-full wp-post-image alignleft\" src=\"https:\/\/www.elviejotopo.com\/wp-content\/uploads\/2017\/02\/Jose_Luis_Martin_Ramos.jpg\" sizes=\"auto, (max-width: 390px) 100vw, 390px\" srcset=\"https:\/\/www.elviejotopo.com\/wp-content\/uploads\/2017\/02\/Jose_Luis_Martin_Ramos.jpg 390w, https:\/\/www.elviejotopo.com\/wp-content\/uploads\/2017\/02\/Jose_Luis_Martin_Ramos-300x262.jpg 300w\" alt=\"Jos\u00e9 Luis Mart\u00edn Ramos\" width=\"198\" height=\"172\" \/><\/p>\n<p><strong>Jos\u00e9 Luis Mart\u00edn Ramos<\/strong>\u00a0(Barcelona, 1948) es historiador. Catedr\u00e1tico de Historia Contempor\u00e1nea de la Universidad Aut\u00f3noma de Barcelona.<\/p>\n<p>Su principal l\u00ednea de investigaci\u00f3n se ha centrado en la historia del marxismo pol\u00edtico, con diversas publicaciones sobre la UGT y el PSOE y, de manera muy particular el PSUC. En los \u00faltimos a\u00f1os est\u00e1 trabajando en la historia de la Guerra Civil en Catalu\u00f1a. Ha sido codirector de la revista L\u2019Aven\u00e7 y director de la revista Historiar y del Arxiu d\u2019Hist\u00f2ria del Socialisme de la Fundaci\u00f3 Rafael Campalans.<\/p>\n<p>Ha publicado, entre otras obras,\u00a0<em>Els or\u00edgens del Partit Socialista Unificat de Catalunya (1930-1936)<\/em>\u00a0(1977),\u00a0<em>Hist\u00f2ria gr\u00e0fica del moviment obrer a Catalunya<\/em>\u00a0(1989),\u00a0<em>Condicions materials i resposta obrera a la Catalunya contempor\u00e0nia\u00a0<\/em>(1992),\u00a0<em>Rojos contra Franco. Hist\u00f2ria del PSUC, 1939-1947<\/em>\u00a0(2002), junto con Gabriel Pernau,\u00a0<em>Les veus de la pres\u00f3. Hist\u00f2ries viscudes per 36 lluitadors antifranquistes<\/em>\u00a0(2003),\u00a0<a href=\"http:\/\/tienda.elviejotopo.com\/historia\/1105-els-fets-de-maig-9788492616251.html\" target=\"_blank\" rel=\"noopener noreferrer\"><em>Els Fets de maig<\/em><\/a>\u00a0(2010), junto con A. Andreassi\u00a0<a href=\"http:\/\/tienda.elviejotopo.com\/fascismo\/1154-de-un-octubre-a-otro-revolucion-y-fascismo-en-el-periodo-de-entreguerras-1917-1934-9788492616855.html\" target=\"_blank\" rel=\"noopener noreferrer\"><em>De un Octubre a otro. Revoluci\u00f3n y fascismo en el per\u00edodo de entreguerras,<\/em>\u00a0<\/a><em>1917-1934 (2010),\u00a0<a href=\"http:\/\/tienda.elviejotopo.com\/politica-espanola\/994-pan-trabajo-y-libertad-historia-del-partido-del-trabajo-de-espana-9788415216957.html\" target=\"_blank\" rel=\"noopener noreferrer\">Pan, trabajo y libertad. Historia del Partido del Trabajo de Espa\u00f1a<\/a>\u00a0(2011)<\/em>,\u00a0<em>La rereguarda en guerra. Catalunya 1936-1937<\/em>\u00a0(2012),\u00a0<em>Territori capital: la Guerra Civil a Catalunya 1937-1939\u00a0<\/em>(2015) y\u00a0<em>El Frente Popular: victoria y derrota de la democracia en Espa\u00f1a\u00a0<\/em>(2016)<\/p>\n<p><strong>OTROS FORMATOS<\/strong><\/p>\n<p>Los miembros de Espai Marx utilizan tambi\u00e9n otros medios de publicaci\u00f3n en diversas iniciativas individuales. He aqu\u00ed una muestra:<\/p>\n<p><strong>Karel Kos\u00edk. Decencia y cr\u00edtica.<\/strong> Espacio de difusi\u00f3n en castellano de la obra de Karel Kos\u00edk (1926-2003), fil\u00f3sofo marxista checo<br \/>\n<a href=\"https:\/\/decenciaycritica.blogspot.com\/\">https:\/\/decenciaycritica.blogspot.com\/<\/a><\/p>\n<p><a href=\"https:\/\/espai-marx.net\/wp-content\/uploads\/2020\/02\/decencia-y-cr\u00edtica.jpg\"><img loading=\"lazy\" decoding=\"async\" class=\"alignnone size-medium wp-image-4590\" src=\"https:\/\/espai-marx.net\/wp-content\/uploads\/2020\/02\/decencia-y-cr\u00edtica-300x278.jpg\" alt=\"\" width=\"300\" height=\"278\" srcset=\"https:\/\/espai-marx.net\/wp-content\/uploads\/2020\/02\/decencia-y-cr\u00edtica-300x278.jpg 300w, https:\/\/espai-marx.net\/wp-content\/uploads\/2020\/02\/decencia-y-cr\u00edtica.jpg 683w\" sizes=\"auto, (max-width: 300px) 100vw, 300px\" \/><\/a><\/p>\n<p><strong>Salvador L\u00f3pez Arnal<\/strong>. Recopilaci\u00f3n de su ingente e imprescindible obra en art\u00edculos, entrevistas, rese\u00f1as y un largo etc\u00e9tera.<br \/>\n<a href=\"http:\/\/slopezarnal.com\/\">http:\/\/slopezarnal.com\/<\/a><\/p>\n<p><a href=\"https:\/\/espai-marx.net\/wp-content\/uploads\/2020\/02\/salvador_lopez_arnal.jpg\"><img loading=\"lazy\" decoding=\"async\" class=\"alignnone size-medium wp-image-4591\" src=\"https:\/\/espai-marx.net\/wp-content\/uploads\/2020\/02\/salvador_lopez_arnal-300x151.jpg\" alt=\"\" width=\"300\" height=\"151\" srcset=\"https:\/\/espai-marx.net\/wp-content\/uploads\/2020\/02\/salvador_lopez_arnal-300x151.jpg 300w, https:\/\/espai-marx.net\/wp-content\/uploads\/2020\/02\/salvador_lopez_arnal-1024x516.jpg 1024w, https:\/\/espai-marx.net\/wp-content\/uploads\/2020\/02\/salvador_lopez_arnal-768x387.jpg 768w, https:\/\/espai-marx.net\/wp-content\/uploads\/2020\/02\/salvador_lopez_arnal.jpg 1160w\" sizes=\"auto, (max-width: 300px) 100vw, 300px\" \/><\/a><\/p>\n<p><strong>Jramajo.com<\/strong>. El espacio de recursos educativos econom\u00eda y web de Jaime Ramajo<br \/>\nhttp:\/\/www.jramajo.com\/<\/p>\n<div><a href=\"https:\/\/espai-marx.net\/wp-content\/uploads\/2020\/02\/jramajo.jpg\"><img loading=\"lazy\" decoding=\"async\" class=\"alignnone size-medium wp-image-4770\" src=\"https:\/\/espai-marx.net\/wp-content\/uploads\/2020\/02\/jramajo-300x119.jpg\" alt=\"\" width=\"300\" height=\"119\" srcset=\"https:\/\/espai-marx.net\/wp-content\/uploads\/2020\/02\/jramajo-300x119.jpg 300w, https:\/\/espai-marx.net\/wp-content\/uploads\/2020\/02\/jramajo-768x304.jpg 768w, https:\/\/espai-marx.net\/wp-content\/uploads\/2020\/02\/jramajo.jpg 946w\" sizes=\"auto, (max-width: 300px) 100vw, 300px\" \/><\/a><\/div>\n<div id=\"contentwrap\">\n<div id=\"content\">\n<div id=\"banner\"><\/div>\n<div id=\"aligner\">\n<div id=\"thickbox post-112\" class=\"post bg thickbox\">\n<div class=\"bg\"><strong>Derrota y navegaci\u00f3n<\/strong>. Espacio para la recopilaci\u00f3n de art\u00edculos y traducciones de Carlos Valmaseda.<\/div>\n<\/div>\n<\/div>\n<\/div>\n<\/div>\n<p><a href=\"https:\/\/espai-marx.net\/wp-content\/uploads\/2020\/02\/derrota_y_navegacion.jpg\"><img loading=\"lazy\" decoding=\"async\" class=\"alignnone size-medium wp-image-4593\" src=\"https:\/\/espai-marx.net\/wp-content\/uploads\/2020\/02\/derrota_y_navegacion-300x208.jpg\" alt=\"\" width=\"300\" height=\"208\" srcset=\"https:\/\/espai-marx.net\/wp-content\/uploads\/2020\/02\/derrota_y_navegacion-300x208.jpg 300w, https:\/\/espai-marx.net\/wp-content\/uploads\/2020\/02\/derrota_y_navegacion-768x532.jpg 768w, https:\/\/espai-marx.net\/wp-content\/uploads\/2020\/02\/derrota_y_navegacion-392x272.jpg 392w, https:\/\/espai-marx.net\/wp-content\/uploads\/2020\/02\/derrota_y_navegacion-130x90.jpg 130w, https:\/\/espai-marx.net\/wp-content\/uploads\/2020\/02\/derrota_y_navegacion.jpg 972w\" sizes=\"auto, (max-width: 300px) 100vw, 300px\" \/><\/a><\/p>\n<p><strong>Cine sovi\u00e9tico.\u00a0<\/strong>Proyecto en pausa para la recopilaci\u00f3n de todo el cine sovi\u00e9tico mudo.<br \/>\n<a href=\"http:\/\/cinesovietico.com\/\">http:\/\/cinesovietico.com\/<\/a><\/p>\n<p><a href=\"https:\/\/espai-marx.net\/wp-content\/uploads\/2020\/02\/cine_sovietico.jpg\"><img loading=\"lazy\" decoding=\"async\" class=\"alignnone size-medium wp-image-4592\" src=\"https:\/\/espai-marx.net\/wp-content\/uploads\/2020\/02\/cine_sovietico-300x272.jpg\" alt=\"\" width=\"300\" height=\"272\" srcset=\"https:\/\/espai-marx.net\/wp-content\/uploads\/2020\/02\/cine_sovietico-300x272.jpg 300w, https:\/\/espai-marx.net\/wp-content\/uploads\/2020\/02\/cine_sovietico-768x697.jpg 768w, https:\/\/espai-marx.net\/wp-content\/uploads\/2020\/02\/cine_sovietico.jpg 970w\" sizes=\"auto, (max-width: 300px) 100vw, 300px\" \/><\/a><\/p>\n<p><strong>Fuentes literarias del cine espa\u00f1ol.\u00a0<\/strong>Proyecto para la recopilaci\u00f3n exhaustiva de las obras literarias en las que se han basado las pel\u00edculas espa\u00f1olas.<br \/>\n<a href=\"https:\/\/fuentescineespanol.home.blog\/\">https:\/\/fuentescineespanol.home.blog\/<\/a><br \/>\n<a href=\"https:\/\/espai-marx.net\/wp-content\/uploads\/2020\/02\/fuentes_literarias_cine.jpg\"><img loading=\"lazy\" decoding=\"async\" class=\"alignnone size-medium wp-image-4594\" src=\"https:\/\/espai-marx.net\/wp-content\/uploads\/2020\/02\/fuentes_literarias_cine-300x183.jpg\" alt=\"\" width=\"300\" height=\"183\" srcset=\"https:\/\/espai-marx.net\/wp-content\/uploads\/2020\/02\/fuentes_literarias_cine-300x183.jpg 300w, https:\/\/espai-marx.net\/wp-content\/uploads\/2020\/02\/fuentes_literarias_cine-1024x624.jpg 1024w, https:\/\/espai-marx.net\/wp-content\/uploads\/2020\/02\/fuentes_literarias_cine-768x468.jpg 768w, https:\/\/espai-marx.net\/wp-content\/uploads\/2020\/02\/fuentes_literarias_cine.jpg 1355w\" sizes=\"auto, (max-width: 300px) 100vw, 300px\" \/><\/a><\/p>\n","protected":false},"excerpt":{"rendered":"<p>Tanto en el \u00e1mbito profesional como en el m\u00e1s militante en Espai Marx y otras organizaciones o asociaciones, algunos de<\/p>\n","protected":false},"author":5,"featured_media":0,"parent":0,"menu_order":0,"comment_status":"closed","ping_status":"closed","template":"","meta":{"footnotes":""},"class_list":["post-4575","page","type-page","status-publish","hentry"],"aioseo_notices":[],"_links":{"self":[{"href":"https:\/\/espai-marx.net\/index.php?rest_route=\/wp\/v2\/pages\/4575","targetHints":{"allow":["GET"]}}],"collection":[{"href":"https:\/\/espai-marx.net\/index.php?rest_route=\/wp\/v2\/pages"}],"about":[{"href":"https:\/\/espai-marx.net\/index.php?rest_route=\/wp\/v2\/types\/page"}],"author":[{"embeddable":true,"href":"https:\/\/espai-marx.net\/index.php?rest_route=\/wp\/v2\/users\/5"}],"replies":[{"embeddable":true,"href":"https:\/\/espai-marx.net\/index.php?rest_route=%2Fwp%2Fv2%2Fcomments&post=4575"}],"version-history":[{"count":0,"href":"https:\/\/espai-marx.net\/index.php?rest_route=\/wp\/v2\/pages\/4575\/revisions"}],"wp:attachment":[{"href":"https:\/\/espai-marx.net\/index.php?rest_route=%2Fwp%2Fv2%2Fmedia&parent=4575"}],"curies":[{"name":"wp","href":"https:\/\/api.w.org\/{rel}","templated":true}]}}