{"id":7315,"date":"2020-04-01T08:42:44","date_gmt":"2020-04-01T07:42:44","guid":{"rendered":"https:\/\/espai-marx.net\/?page_id=7315"},"modified":"2022-08-01T09:56:48","modified_gmt":"2022-08-01T08:56:48","slug":"quienes_somos","status":"publish","type":"page","link":"https:\/\/espai-marx.net\/?page_id=7315","title":{"rendered":"Quienes somos"},"content":{"rendered":"<p style=\"text-align: left;\">Espai Marx es una asociaci\u00f3n pol\u00edtico cultural, no vinculada a ninguna fuerza pol\u00edtica, que tiene ya veinte a\u00f1os de existencia. Est\u00e1 constituida por una mayor\u00eda relativa de socios de inspiraci\u00f3n marxista, pero no solo incluye personas pertenecientes a dicha corriente de pensamiento, y se abre a toda persona de cultura pol\u00edtica emancipatoria. Poseemos consciencia de que la civilizaci\u00f3n industrialista generada por el capitalismo,\u00a0 y el ethos o forma de vida inherente a la misma, es inviable; no solo lo es el neoliberalismo y la denominada globalizaci\u00f3n. Tratamos, en consecuencia, de ayudar a hacer camino nuevo. Para ello, nos proponemos recuperar y repensar lo mejor de la tradici\u00f3n hist\u00f3rica de la izquierda y de sus pensadores, mediante la lectura y la reflexi\u00f3n historiogr\u00e1fica sobre la izquierda, y tratamos de conocer las consecuencias del mundo social tal como ahora existe mediante el conocimiento cient\u00edfico. Tenemos consciencia de que una alternativa de sociedad tiene como condici\u00f3n y meta el cambio de la cultura material de vida o ethos, y la lucha por la democratizaci\u00f3n y el control sobre la vida cotidiana, sin la cual dicha transformaci\u00f3n cultural o civilizatoria no es posible. Todo esto va m\u00e1s all\u00e1 de la sola distribuci\u00f3n y socializaci\u00f3n de los bienes de producci\u00f3n. Nuestra actividad se concentra en la difusi\u00f3n y creaci\u00f3n, en la medida en que nos es posible, de pensamiento que ayude a reflexionar en la l\u00ednea se\u00f1alada. Mantenemos una revista electr\u00f3nica o web, donde publicamos art\u00edculos, generamos seminarios de lectura, cuyos archivos sonoros editamos, sostenemos una biblioteca virtual, hacemos conferencias y charlas, organizamos y coparticipamos en la organizaci\u00f3n de jornadas de debate, \u00a0y tratamos de abrirnos a la relaci\u00f3n en red con otras asociaciones de fines semejantes a los nuestros.<\/p>\n<div>\n<hr \/>\n<h2>Participa en EspaiMarx<a id=\"participa\"><\/a><\/h2>\n<p><span style=\"font-size: 12pt;\">Puedes contactar con nosotros en\u00a0<strong>contacto@espai-marx.net<\/strong>\u00a0para:<\/span><\/p>\n<p><span style=\"font-size: 12pt;\">\u00a0\u00b7 Nos puedes mandar un <strong>art\u00edculo<\/strong>, que ser\u00e1<em> le\u00eddo y debatido por los socios, como todos los art\u00edculos que se publican en nuestra web<\/em> antes de programar su publicaci\u00f3n. Los textos no tienen prefijada una extensi\u00f3n\u00a0 m\u00e1xima obligada, pero que, en caso de extensi\u00f3n lo aconseje, se publicar\u00e1n por partes.<\/span><\/p>\n<p><span style=\"font-size: 12pt;\">\u00b7 Puedes participar en nuestros <strong>seminarios virtuales<\/strong> ( a trav\u00e9s de la plataforma ZOOM) sobre <strong>Hegel<\/strong> o <strong>Sacrist\u00e1n<\/strong>.<\/span><\/p>\n<p><span style=\"font-size: 12pt;\">\u00b7 Puedes solicitar <strong>participar en nuestro grupo de debate a trav\u00e9s<\/strong> de mail.<\/span><\/p>\n<p><span style=\"font-size: 12pt;\">\u00b7 \u00a0O si lo consideras oportuno, puedes hacerte\u00a0<strong>socio de Espai-Marx<\/strong>\u00a0con lo que contribuir\u00e1s econ\u00f3micamente al sostenimiento de nuestra asociaci\u00f3n y tendr\u00e1s derecho a participar en las asambleas y debates de publicaci\u00f3n de los art\u00edculos de nuestra web y de los libros m\u00e1s cualquier otra actividad que realicemos.<\/span><\/p>\n<p>&nbsp;<\/p>\n<p>&nbsp;<\/p>\n<\/div>\n","protected":false},"excerpt":{"rendered":"<p>Espai Marx es una asociaci\u00f3n pol\u00edtico cultural, no vinculada a ninguna fuerza pol\u00edtica, que tiene ya veinte a\u00f1os de existencia.<\/p>\n","protected":false},"author":9,"featured_media":0,"parent":0,"menu_order":0,"comment_status":"closed","ping_status":"closed","template":"","meta":{"footnotes":""},"class_list":["post-7315","page","type-page","status-publish","hentry"],"aioseo_notices":[],"_links":{"self":[{"href":"https:\/\/espai-marx.net\/index.php?rest_route=\/wp\/v2\/pages\/7315","targetHints":{"allow":["GET"]}}],"collection":[{"href":"https:\/\/espai-marx.net\/index.php?rest_route=\/wp\/v2\/pages"}],"about":[{"href":"https:\/\/espai-marx.net\/index.php?rest_route=\/wp\/v2\/types\/page"}],"author":[{"embeddable":true,"href":"https:\/\/espai-marx.net\/index.php?rest_route=\/wp\/v2\/users\/9"}],"replies":[{"embeddable":true,"href":"https:\/\/espai-marx.net\/index.php?rest_route=%2Fwp%2Fv2%2Fcomments&post=7315"}],"version-history":[{"count":0,"href":"https:\/\/espai-marx.net\/index.php?rest_route=\/wp\/v2\/pages\/7315\/revisions"}],"wp:attachment":[{"href":"https:\/\/espai-marx.net\/index.php?rest_route=%2Fwp%2Fv2%2Fmedia&parent=7315"}],"curies":[{"name":"wp","href":"https:\/\/api.w.org\/{rel}","templated":true}]}}