{"id":1861,"date":"2025-09-24T14:32:21","date_gmt":"2025-09-24T12:32:21","guid":{"rendered":"https:\/\/espai-marx.net\/sacristan\/?page_id=1861"},"modified":"2025-09-25T08:05:54","modified_gmt":"2025-09-25T06:05:54","slug":"monografico-nuestra-bandera","status":"publish","type":"page","link":"https:\/\/espai-marx.net\/sacristan\/?page_id=1861","title":{"rendered":"Monogr\u00e1fico Nuestra Bandera"},"content":{"rendered":"<p>En esta p\u00e1gina puedes descargar cada uno de los art\u00edculos que componen el <a href=\"https:\/\/www.revistasculturales.com\/revistas\/31\/nuestra-bandera\/num\/268\/\">n\u00ba 268 de la revista Nuestra Bandera<\/a>.<\/p>\n<p>La coordinaci\u00f3n de este n\u00famero monogr\u00e1fico dedicado a Sacrist\u00e1n ha sido efectuada por Jos\u00e9 Sarri\u00f3n Andaluz (Universidad de Salamanca).<\/p>\n<p>Puedes <a href=\"https:\/\/espai-marx.net\/sacristan\/wp-content\/uploads\/2025\/09\/NB268_2as.pdf\">descargar AQU\u00cd el n\u00famero completo<\/a>, o descargar los art\u00edculos individualmente pinchando en los enlaces de debajo.<\/p>\n<h2 data-start=\"85\" data-end=\"96\">\u00cdndice<\/h2>\n<p data-start=\"98\" data-end=\"113\"><strong data-start=\"98\" data-end=\"111\">Editorial<\/strong><\/p>\n<ul data-start=\"114\" data-end=\"223\">\n<li data-start=\"114\" data-end=\"223\">\n<p data-start=\"116\" data-end=\"223\"><a href=\"https:\/\/espai-marx.net\/sacristan\/wp-content\/uploads\/2025\/09\/NB268_00.pdf\"><em data-start=\"116\" data-end=\"221\">El pensamiento de Manuel Sacrist\u00e1n ante el auge del fascismo y el militarismo en la actualidad pol\u00edtica<\/em><\/a><\/p>\n<\/li>\n<\/ul>\n<p data-start=\"225\" data-end=\"273\"><strong data-start=\"225\" data-end=\"271\">Centenario de Manuel Sacrist\u00e1n (1925-2025)<\/strong><\/p>\n<ul data-start=\"274\" data-end=\"1387\">\n<li data-start=\"274\" data-end=\"370\">\n<p data-start=\"276\" data-end=\"370\"><a href=\"https:\/\/espai-marx.net\/sacristan\/wp-content\/uploads\/2025\/09\/NB268_01.pdf\"><em data-start=\"276\" data-end=\"345\">Presentaci\u00f3n. Raz\u00f3n y pasi\u00f3n. Motivos para conmemorar un centenario<\/em><\/a> \u2014 Jos\u00e9 Sarri\u00f3n Andaluz<\/p>\n<\/li>\n<li data-start=\"371\" data-end=\"454\">\n<p data-start=\"373\" data-end=\"454\"><a href=\"https:\/\/espai-marx.net\/sacristan\/wp-content\/uploads\/2025\/09\/NB268_02.pdf\"><em data-start=\"373\" data-end=\"438\">Manuel Sacrist\u00e1n: honradez cient\u00edfica y voluntad revolucionaria<\/em><\/a> \u2014 V\u00edctor R\u00edos<\/p>\n<\/li>\n<li data-start=\"455\" data-end=\"554\">\n<p data-start=\"457\" data-end=\"554\"><a href=\"https:\/\/espai-marx.net\/sacristan\/wp-content\/uploads\/2025\/09\/NB268_03.pdf\"><em data-start=\"457\" data-end=\"534\">Pensar con Manuel Sacrist\u00e1n: ecosocialismos para el siglo de la Gran Prueba<\/em><\/a> \u2014 Jorge Riechmann<\/p>\n<\/li>\n<li data-start=\"555\" data-end=\"658\">\n<p data-start=\"557\" data-end=\"658\"><a href=\"https:\/\/espai-marx.net\/sacristan\/wp-content\/uploads\/2025\/09\/NB268_04.pdf\"><em data-start=\"557\" data-end=\"638\">Manuel Sacrist\u00e1n: un desarrollo org\u00e1nico del comunismo cl\u00e1sico al ecosocialismo<\/em><\/a> \u2014 Joaquim Sempere<\/p>\n<\/li>\n<li data-start=\"659\" data-end=\"723\">\n<p data-start=\"661\" data-end=\"723\"><a href=\"https:\/\/espai-marx.net\/sacristan\/wp-content\/uploads\/2025\/09\/NB268_05.pdf\"><em data-start=\"661\" data-end=\"699\">Trayectoria de un comunista inc\u00f3modo<\/em><\/a> \u2014 Montserrat Galcer\u00e1n<\/p>\n<\/li>\n<li data-start=\"724\" data-end=\"837\">\n<p data-start=\"726\" data-end=\"837\"><a href=\"https:\/\/espai-marx.net\/sacristan\/wp-content\/uploads\/2025\/09\/NB268_06.pdf\"><em data-start=\"726\" data-end=\"805\">Manuel Sacrist\u00e1n, El capital de Marx y los problemas actuales del capitalismo<\/em><\/a> \u2014 Ignacio Perrotini Hern\u00e1ndez<\/p>\n<\/li>\n<li data-start=\"838\" data-end=\"910\">\n<p data-start=\"840\" data-end=\"910\"><a href=\"https:\/\/espai-marx.net\/sacristan\/wp-content\/uploads\/2025\/09\/NB268_07.pdf\"><em data-start=\"840\" data-end=\"893\">Sacrist\u00e1n: luz precursora en un mundo translimitado<\/em><\/a> \u2014 Julio Seti\u00e9n<\/p>\n<\/li>\n<li data-start=\"911\" data-end=\"979\">\n<p data-start=\"913\" data-end=\"979\"><a href=\"https:\/\/espai-marx.net\/sacristan\/wp-content\/uploads\/2025\/09\/NB268_08.pdf\"><em data-start=\"913\" data-end=\"948\">Sacrist\u00e1n, comunicador de saberes<\/em><\/a> \u2014 Francisco Sierra Caballero<\/p>\n<\/li>\n<li data-start=\"980\" data-end=\"1078\">\n<p data-start=\"982\" data-end=\"1078\"><a href=\"https:\/\/espai-marx.net\/sacristan\/wp-content\/uploads\/2025\/09\/NB268_09.pdf\"><em data-start=\"982\" data-end=\"1060\">Cuatro notas irreverentes sobre Manuel Sacrist\u00e1n, un fil\u00f3sofo revolucionario<\/em><\/a> \u2014 Manuel Ca\u00f1ada<\/p>\n<\/li>\n<li data-start=\"1079\" data-end=\"1166\">\n<p data-start=\"1081\" data-end=\"1166\"><a href=\"https:\/\/espai-marx.net\/sacristan\/wp-content\/uploads\/2025\/09\/NB268_10.pdf\"><em data-start=\"1081\" data-end=\"1149\">Filosof\u00eda y pol\u00edtica de la ciencia en el mundo de Manuel Sacrist\u00e1n<\/em><\/a> \u2014 Alicia Dur\u00e1n<\/p>\n<\/li>\n<li data-start=\"1167\" data-end=\"1270\">\n<p data-start=\"1169\" data-end=\"1270\"><a href=\"https:\/\/espai-marx.net\/sacristan\/wp-content\/uploads\/2025\/09\/NB268_11.pdf\"><em data-start=\"1169\" data-end=\"1240\">Semblanza de Manuel Sacrist\u00e1n Luz\u00f3n en el centenario de su nacimiento<\/em><\/a> \u2014 Miguel Manzanera Salavert<\/p>\n<\/li>\n<li data-start=\"1271\" data-end=\"1387\">\n<p data-start=\"1273\" data-end=\"1387\"><a href=\"https:\/\/espai-marx.net\/sacristan\/wp-content\/uploads\/2025\/09\/NB268_12.pdf\"><em data-start=\"1273\" data-end=\"1358\">Apuntes sobre la concepci\u00f3n de la cuesti\u00f3n nacional en Manuel Sacrist\u00e1n (1970-1975)<\/em><\/a> \u2014 Eduardo S\u00e1nchez Iglesias<\/p>\n<\/li>\n<\/ul>\n<p data-start=\"1389\" data-end=\"1409\"><strong data-start=\"1389\" data-end=\"1407\">Autor invitado<\/strong><\/p>\n<ul data-start=\"1410\" data-end=\"1565\">\n<li data-start=\"1410\" data-end=\"1565\">\n<p data-start=\"1412\" data-end=\"1565\"><a href=\"https:\/\/espai-marx.net\/sacristan\/wp-content\/uploads\/2025\/09\/NB268_13.pdf\"><em data-start=\"1412\" data-end=\"1540\">\u00bfEs razonable seguir leyendo a Manuel Sacrist\u00e1n cien a\u00f1os despu\u00e9s de su nacimiento, cuarenta a\u00f1os despu\u00e9s de su fallecimiento?<\/em> <\/a>\u2014 Salvador L\u00f3pez Arnal<\/p>\n<\/li>\n<\/ul>\n<p data-start=\"1567\" data-end=\"1599\"><strong data-start=\"1567\" data-end=\"1597\">A vueltas con los cl\u00e1sicos<\/strong><\/p>\n<ul data-start=\"1600\" data-end=\"1685\">\n<li data-start=\"1600\" data-end=\"1685\">\n<p data-start=\"1602\" data-end=\"1685\"><a href=\"https:\/\/espai-marx.net\/sacristan\/wp-content\/uploads\/2025\/09\/NB268_14.pdf\"><em data-start=\"1602\" data-end=\"1656\">El choque cultural a la luz de la filosof\u00eda pol\u00edtica<\/em><\/a> \u2014 Francisco Fern\u00e1ndez Buey<\/p>\n<\/li>\n<\/ul>\n<p data-start=\"1687\" data-end=\"1699\"><strong data-start=\"1687\" data-end=\"1697\">Rese\u00f1as<\/strong><\/p>\n<ul data-start=\"1700\" data-end=\"1867\">\n<li data-start=\"1700\" data-end=\"1808\">\n<p data-start=\"1702\" data-end=\"1808\"><a href=\"https:\/\/espai-marx.net\/sacristan\/wp-content\/uploads\/2025\/09\/NB268_15.pdf\"><em data-start=\"1702\" data-end=\"1781\">La br\u00fajula del hereje: Sacrist\u00e1n y el arte de navegar entre l\u00f3gica y rebeld\u00eda<\/em><\/a> \u2014 Enrique Felip Exp\u00f3sito<\/p>\n<\/li>\n<li data-start=\"1809\" data-end=\"1867\">\n<p data-start=\"1811\" data-end=\"1867\"><a href=\"https:\/\/espai-marx.net\/sacristan\/wp-content\/uploads\/2025\/09\/NB268_16.pdf\"><em data-start=\"1811\" data-end=\"1838\">Prosas de lucha y combate<\/em><\/a> \u2014 Alfredo Iglesias Di\u00e9guez<\/p>\n<\/li>\n<\/ul>\n<p>&nbsp;<\/p>\n<p><a href=\"https:\/\/espai-marx.net\/sacristan\/?attachment_id=1883\" rel=\"attachment wp-att-1883\"><img loading=\"lazy\" decoding=\"async\" class=\"alignnone size-full wp-image-1883\" src=\"https:\/\/espai-marx.net\/sacristan\/wp-content\/uploads\/2025\/09\/NB268-1920x1080-1.png\" alt=\"\" width=\"1921\" height=\"1081\" srcset=\"https:\/\/espai-marx.net\/sacristan\/wp-content\/uploads\/2025\/09\/NB268-1920x1080-1.png 1921w, https:\/\/espai-marx.net\/sacristan\/wp-content\/uploads\/2025\/09\/NB268-1920x1080-1-300x169.png 300w, https:\/\/espai-marx.net\/sacristan\/wp-content\/uploads\/2025\/09\/NB268-1920x1080-1-1024x576.png 1024w, https:\/\/espai-marx.net\/sacristan\/wp-content\/uploads\/2025\/09\/NB268-1920x1080-1-768x432.png 768w, https:\/\/espai-marx.net\/sacristan\/wp-content\/uploads\/2025\/09\/NB268-1920x1080-1-1536x864.png 1536w, https:\/\/espai-marx.net\/sacristan\/wp-content\/uploads\/2025\/09\/NB268-1920x1080-1-1320x743.png 1320w\" sizes=\"auto, (max-width: 1921px) 100vw, 1921px\" \/><\/a><\/p>\n<p>&nbsp;<\/p>\n","protected":false},"excerpt":{"rendered":"<p>En esta p\u00e1gina puedes descargar cada uno de los art\u00edculos que componen el n\u00ba 268 de la revista Nuestra Bandera.<\/p>\n","protected":false},"author":4,"featured_media":1883,"parent":0,"menu_order":1,"comment_status":"closed","ping_status":"closed","template":"","meta":{"footnotes":""},"class_list":["post-1861","page","type-page","status-publish","has-post-thumbnail","hentry"],"_links":{"self":[{"href":"https:\/\/espai-marx.net\/sacristan\/index.php?rest_route=\/wp\/v2\/pages\/1861","targetHints":{"allow":["GET"]}}],"collection":[{"href":"https:\/\/espai-marx.net\/sacristan\/index.php?rest_route=\/wp\/v2\/pages"}],"about":[{"href":"https:\/\/espai-marx.net\/sacristan\/index.php?rest_route=\/wp\/v2\/types\/page"}],"author":[{"embeddable":true,"href":"https:\/\/espai-marx.net\/sacristan\/index.php?rest_route=\/wp\/v2\/users\/4"}],"replies":[{"embeddable":true,"href":"https:\/\/espai-marx.net\/sacristan\/index.php?rest_route=%2Fwp%2Fv2%2Fcomments&post=1861"}],"version-history":[{"count":6,"href":"https:\/\/espai-marx.net\/sacristan\/index.php?rest_route=\/wp\/v2\/pages\/1861\/revisions"}],"predecessor-version":[{"id":1891,"href":"https:\/\/espai-marx.net\/sacristan\/index.php?rest_route=\/wp\/v2\/pages\/1861\/revisions\/1891"}],"wp:featuredmedia":[{"embeddable":true,"href":"https:\/\/espai-marx.net\/sacristan\/index.php?rest_route=\/wp\/v2\/media\/1883"}],"wp:attachment":[{"href":"https:\/\/espai-marx.net\/sacristan\/index.php?rest_route=%2Fwp%2Fv2%2Fmedia&parent=1861"}],"curies":[{"name":"wp","href":"https:\/\/api.w.org\/{rel}","templated":true}]}}