{"id":28,"date":"2024-07-05T09:02:48","date_gmt":"2024-07-05T09:02:48","guid":{"rendered":"https:\/\/espai-marx.net\/sacristan\/?page_id=28"},"modified":"2024-12-20T08:28:02","modified_gmt":"2024-12-20T08:28:02","slug":"descarga-el-logo-y-el-manual-de-identidad-grafica-de-la-campana","status":"publish","type":"page","link":"https:\/\/espai-marx.net\/sacristan\/?page_id=28","title":{"rendered":"Descarga el logo y el manual de identidad gr\u00e1fica de la campa\u00f1a"},"content":{"rendered":"\n<p>Aqu\u00ed puedes descargar los logotipos en diversos tama\u00f1os y formatos:<\/p>\n\n\n\n<div class=\"wp-block-file\"><a id=\"wp-block-file--media-5bbdf901-1071-4d60-bb22-1e17aa4ec669\" href=\"http:\/\/espai-marx.net\/sacristan\/wp-content\/uploads\/2024\/12\/logosjpgpngsacristan.zip\">Logotipos Centenario<\/a><a href=\"http:\/\/espai-marx.net\/sacristan\/wp-content\/uploads\/2024\/12\/logosjpgpngsacristan.zip\" class=\"wp-block-file__button wp-element-button\" download aria-describedby=\"wp-block-file--media-5bbdf901-1071-4d60-bb22-1e17aa4ec669\">Descarga<\/a><\/div>\n\n\n\n<p>Si\u00e9ntete libre de usarlos para las actividades que quieras organizar en tu colectivo, Universidad, sindicato, organizaci\u00f3n&#8230; Tanto los logotipos en sus diversos formatos como el Manual de Identidad Gr\u00e1fica han sido elaborados de manera desinteresada para esta campa\u00f1a por la dise\u00f1adora Berta Recatal\u00e1, del <a href=\"https:\/\/nortestudio.com\" data-type=\"link\" data-id=\"https:\/\/nortestudio.com\">Estudio de dise\u00f1o Norte<\/a>.<\/p>\n\n\n\n<h2 class=\"wp-block-heading\">1. Marca principal<\/h2>\n\n\n\n<figure class=\"wp-block-image aligncenter size-full\"><a href=\"http:\/\/espai-marx.net\/sacristan\/wp-content\/uploads\/2024\/12\/Logotipo-Manuel-Sacristan-Horizontal-1.jpg\"><img loading=\"lazy\" decoding=\"async\" width=\"319\" height=\"119\" src=\"http:\/\/espai-marx.net\/sacristan\/wp-content\/uploads\/2024\/12\/Logotipo-Manuel-Sacristan-Horizontal-1.jpg\" alt=\"\" class=\"wp-image-1169\" srcset=\"https:\/\/espai-marx.net\/sacristan\/wp-content\/uploads\/2024\/12\/Logotipo-Manuel-Sacristan-Horizontal-1.jpg 319w, https:\/\/espai-marx.net\/sacristan\/wp-content\/uploads\/2024\/12\/Logotipo-Manuel-Sacristan-Horizontal-1-300x112.jpg 300w\" sizes=\"auto, (max-width: 319px) 100vw, 319px\" \/><\/a><figcaption class=\"wp-element-caption\">Logotipo Horizontal en JPG<\/figcaption><\/figure>\n\n\n\n<figure class=\"wp-block-image aligncenter size-full\"><a href=\"http:\/\/espai-marx.net\/sacristan\/wp-content\/uploads\/2024\/12\/Logotipo-Manuel-Sacristan-horizontal-1.png\"><img loading=\"lazy\" decoding=\"async\" width=\"797\" height=\"300\" src=\"http:\/\/espai-marx.net\/sacristan\/wp-content\/uploads\/2024\/12\/Logotipo-Manuel-Sacristan-horizontal-1.png\" alt=\"\" class=\"wp-image-1171\" srcset=\"https:\/\/espai-marx.net\/sacristan\/wp-content\/uploads\/2024\/12\/Logotipo-Manuel-Sacristan-horizontal-1.png 797w, https:\/\/espai-marx.net\/sacristan\/wp-content\/uploads\/2024\/12\/Logotipo-Manuel-Sacristan-horizontal-1-300x113.png 300w, https:\/\/espai-marx.net\/sacristan\/wp-content\/uploads\/2024\/12\/Logotipo-Manuel-Sacristan-horizontal-1-768x289.png 768w\" sizes=\"auto, (max-width: 797px) 100vw, 797px\" \/><\/a><figcaption class=\"wp-element-caption\">Logotipo Horizontal en PNG<\/figcaption><\/figure>\n\n\n\n<p><\/p>\n\n\n\n<h2 class=\"wp-block-heading\">2. Versiones en vertical<\/h2>\n\n\n\n<figure class=\"wp-block-image aligncenter size-full\"><a href=\"http:\/\/espai-marx.net\/sacristan\/wp-content\/uploads\/2024\/12\/Logotipo-Manuel-Sacristan-VerCompleta.jpg\"><img loading=\"lazy\" decoding=\"async\" width=\"236\" height=\"419\" src=\"http:\/\/espai-marx.net\/sacristan\/wp-content\/uploads\/2024\/12\/Logotipo-Manuel-Sacristan-VerCompleta.jpg\" alt=\"\" class=\"wp-image-1172\" srcset=\"https:\/\/espai-marx.net\/sacristan\/wp-content\/uploads\/2024\/12\/Logotipo-Manuel-Sacristan-VerCompleta.jpg 236w, https:\/\/espai-marx.net\/sacristan\/wp-content\/uploads\/2024\/12\/Logotipo-Manuel-Sacristan-VerCompleta-169x300.jpg 169w\" sizes=\"auto, (max-width: 236px) 100vw, 236px\" \/><\/a><figcaption class=\"wp-element-caption\"> Vertical Completa JPG<\/figcaption><\/figure>\n\n\n\n<figure class=\"wp-block-image aligncenter size-full\"><a href=\"http:\/\/espai-marx.net\/sacristan\/wp-content\/uploads\/2024\/12\/Logotipo-Manuel-Sacristan-Vertical.jpg\"><img loading=\"lazy\" decoding=\"async\" width=\"236\" height=\"378\" src=\"http:\/\/espai-marx.net\/sacristan\/wp-content\/uploads\/2024\/12\/Logotipo-Manuel-Sacristan-Vertical.jpg\" alt=\"\" class=\"wp-image-1173\" srcset=\"https:\/\/espai-marx.net\/sacristan\/wp-content\/uploads\/2024\/12\/Logotipo-Manuel-Sacristan-Vertical.jpg 236w, https:\/\/espai-marx.net\/sacristan\/wp-content\/uploads\/2024\/12\/Logotipo-Manuel-Sacristan-Vertical-187x300.jpg 187w\" sizes=\"auto, (max-width: 236px) 100vw, 236px\" \/><\/a><figcaption class=\"wp-element-caption\">Vertical simplificada JPG<\/figcaption><\/figure>\n\n\n\n<figure class=\"wp-block-image aligncenter size-full\"><a href=\"http:\/\/espai-marx.net\/sacristan\/wp-content\/uploads\/2024\/12\/Logotipo-Manuel-Sacristan-VComplet.png\"><img loading=\"lazy\" decoding=\"async\" width=\"300\" height=\"532\" src=\"http:\/\/espai-marx.net\/sacristan\/wp-content\/uploads\/2024\/12\/Logotipo-Manuel-Sacristan-VComplet.png\" alt=\"\" class=\"wp-image-1174\" srcset=\"https:\/\/espai-marx.net\/sacristan\/wp-content\/uploads\/2024\/12\/Logotipo-Manuel-Sacristan-VComplet.png 300w, https:\/\/espai-marx.net\/sacristan\/wp-content\/uploads\/2024\/12\/Logotipo-Manuel-Sacristan-VComplet-169x300.png 169w\" sizes=\"auto, (max-width: 300px) 100vw, 300px\" \/><\/a><figcaption class=\"wp-element-caption\">Vertical simplificada PNG<\/figcaption><\/figure>\n\n\n\n<figure class=\"wp-block-image aligncenter size-full\"><a href=\"http:\/\/espai-marx.net\/sacristan\/wp-content\/uploads\/2024\/12\/Logotipo-Manuel-Sacristan-VComplet-1.png\"><img loading=\"lazy\" decoding=\"async\" width=\"300\" height=\"532\" src=\"http:\/\/espai-marx.net\/sacristan\/wp-content\/uploads\/2024\/12\/Logotipo-Manuel-Sacristan-VComplet-1.png\" alt=\"\" class=\"wp-image-1175\" srcset=\"https:\/\/espai-marx.net\/sacristan\/wp-content\/uploads\/2024\/12\/Logotipo-Manuel-Sacristan-VComplet-1.png 300w, https:\/\/espai-marx.net\/sacristan\/wp-content\/uploads\/2024\/12\/Logotipo-Manuel-Sacristan-VComplet-1-169x300.png 169w\" sizes=\"auto, (max-width: 300px) 100vw, 300px\" \/><\/a><figcaption class=\"wp-element-caption\">Vertical completa PNG<\/figcaption><\/figure>\n\n\n\n<p><\/p>\n\n\n\n<h2 class=\"wp-block-heading\">3. Tama\u00f1o m\u00ednimo sin texto 1&#215;1<\/h2>\n\n\n\n<figure class=\"wp-block-image aligncenter size-full\"><a href=\"http:\/\/espai-marx.net\/sacristan\/wp-content\/uploads\/2024\/12\/Logotipo-Manuel-Sacristan-Cuadrado.jpg\"><img loading=\"lazy\" decoding=\"async\" width=\"118\" height=\"118\" src=\"http:\/\/espai-marx.net\/sacristan\/wp-content\/uploads\/2024\/12\/Logotipo-Manuel-Sacristan-Cuadrado.jpg\" alt=\"\" class=\"wp-image-1176\"\/><\/a><figcaption class=\"wp-element-caption\">Logotipo Cuadrado JPG<\/figcaption><\/figure>\n\n\n\n<figure class=\"wp-block-image aligncenter size-full\"><a href=\"http:\/\/espai-marx.net\/sacristan\/wp-content\/uploads\/2024\/12\/Logotipo-Manuel-Sacristan-Cuadrado.png\"><img loading=\"lazy\" decoding=\"async\" width=\"300\" height=\"300\" src=\"http:\/\/espai-marx.net\/sacristan\/wp-content\/uploads\/2024\/12\/Logotipo-Manuel-Sacristan-Cuadrado.png\" alt=\"\" class=\"wp-image-1177\" srcset=\"https:\/\/espai-marx.net\/sacristan\/wp-content\/uploads\/2024\/12\/Logotipo-Manuel-Sacristan-Cuadrado.png 300w, https:\/\/espai-marx.net\/sacristan\/wp-content\/uploads\/2024\/12\/Logotipo-Manuel-Sacristan-Cuadrado-150x150.png 150w\" sizes=\"auto, (max-width: 300px) 100vw, 300px\" \/><\/a><figcaption class=\"wp-element-caption\">Logotipo Cuadrado PNG<\/figcaption><\/figure>\n\n\n\n<h2 class=\"wp-block-heading\">4. Versiones con letras en blanco (para emplear con fondos oscuros)<\/h2>\n\n\n\n<figure class=\"wp-block-image aligncenter size-full\"><a href=\"http:\/\/espai-marx.net\/sacristan\/wp-content\/uploads\/2024\/12\/Logotipo-Manuel-Sacristan-horizontal-Blanco-1.png\"><img loading=\"lazy\" decoding=\"async\" width=\"797\" height=\"300\" src=\"http:\/\/espai-marx.net\/sacristan\/wp-content\/uploads\/2024\/12\/Logotipo-Manuel-Sacristan-horizontal-Blanco-1.png\" alt=\"\" class=\"wp-image-1181\" srcset=\"https:\/\/espai-marx.net\/sacristan\/wp-content\/uploads\/2024\/12\/Logotipo-Manuel-Sacristan-horizontal-Blanco-1.png 797w, https:\/\/espai-marx.net\/sacristan\/wp-content\/uploads\/2024\/12\/Logotipo-Manuel-Sacristan-horizontal-Blanco-1-300x113.png 300w, https:\/\/espai-marx.net\/sacristan\/wp-content\/uploads\/2024\/12\/Logotipo-Manuel-Sacristan-horizontal-Blanco-1-768x289.png 768w\" sizes=\"auto, (max-width: 797px) 100vw, 797px\" \/><\/a><figcaption class=\"wp-element-caption\">Logotipo horizontal letras en blanco<\/figcaption><\/figure>\n\n\n\n<figure class=\"wp-block-image aligncenter size-full is-resized\"><a href=\"http:\/\/espai-marx.net\/sacristan\/wp-content\/uploads\/2024\/12\/Logotipo-Manuel-Sacristan-Blanco.png\"><img loading=\"lazy\" decoding=\"async\" width=\"300\" height=\"532\" src=\"http:\/\/espai-marx.net\/sacristan\/wp-content\/uploads\/2024\/12\/Logotipo-Manuel-Sacristan-Blanco.png\" alt=\"\" class=\"wp-image-1182\" style=\"width:300px;height:auto\" srcset=\"https:\/\/espai-marx.net\/sacristan\/wp-content\/uploads\/2024\/12\/Logotipo-Manuel-Sacristan-Blanco.png 300w, https:\/\/espai-marx.net\/sacristan\/wp-content\/uploads\/2024\/12\/Logotipo-Manuel-Sacristan-Blanco-169x300.png 169w\" sizes=\"auto, (max-width: 300px) 100vw, 300px\" \/><\/a><figcaption class=\"wp-element-caption\">Logotipo vertical blanco<\/figcaption><\/figure>\n\n\n\n<figure class=\"wp-block-image size-full\"><a href=\"http:\/\/espai-marx.net\/sacristan\/wp-content\/uploads\/2024\/12\/Logotipo-Manuel-Sacristan-blancoSinImagen.png\"><img loading=\"lazy\" decoding=\"async\" width=\"300\" height=\"300\" src=\"http:\/\/espai-marx.net\/sacristan\/wp-content\/uploads\/2024\/12\/Logotipo-Manuel-Sacristan-blancoSinImagen.png\" alt=\"\" class=\"wp-image-1183\" srcset=\"https:\/\/espai-marx.net\/sacristan\/wp-content\/uploads\/2024\/12\/Logotipo-Manuel-Sacristan-blancoSinImagen.png 300w, https:\/\/espai-marx.net\/sacristan\/wp-content\/uploads\/2024\/12\/Logotipo-Manuel-Sacristan-blancoSinImagen-150x150.png 150w\" sizes=\"auto, (max-width: 300px) 100vw, 300px\" \/><\/a><figcaption class=\"wp-element-caption\">Logotipo blanco Sin Imagen<\/figcaption><\/figure>\n\n\n\n<figure class=\"wp-block-image size-full\"><a href=\"http:\/\/espai-marx.net\/sacristan\/wp-content\/uploads\/2024\/12\/Logotipo-Manuel-Sacristan-blancoSinImagen_1.png\"><img loading=\"lazy\" decoding=\"async\" width=\"300\" height=\"300\" src=\"http:\/\/espai-marx.net\/sacristan\/wp-content\/uploads\/2024\/12\/Logotipo-Manuel-Sacristan-blancoSinImagen_1.png\" alt=\"\" class=\"wp-image-1184\" srcset=\"https:\/\/espai-marx.net\/sacristan\/wp-content\/uploads\/2024\/12\/Logotipo-Manuel-Sacristan-blancoSinImagen_1.png 300w, https:\/\/espai-marx.net\/sacristan\/wp-content\/uploads\/2024\/12\/Logotipo-Manuel-Sacristan-blancoSinImagen_1-150x150.png 150w\" sizes=\"auto, (max-width: 300px) 100vw, 300px\" \/><\/a><figcaption class=\"wp-element-caption\">Logotipo blanco SinImagen 2<\/figcaption><\/figure>\n\n\n\n<h2 class=\"wp-block-heading\">5. Manual de uso de los logotipos e identidad gr\u00e1fica de la campa\u00f1a<\/h2>\n\n\n\n<div data-wp-interactive=\"core\/file\" class=\"wp-block-file\"><object data-wp-bind--hidden=\"!state.hasPdfPreview\" hidden class=\"wp-block-file__embed\" data=\"http:\/\/espai-marx.net\/sacristan\/wp-content\/uploads\/2024\/07\/Breve-Manal-Identidad-Manuel-Sacristan.pdf\" type=\"application\/pdf\" style=\"width:100%;height:600px\" aria-label=\"Incrustado de Breve-Manal-Identidad-Manuel-Sacristan.\"><\/object><a id=\"wp-block-file--media-7a55f9ad-3641-4eb5-ab2f-8b00183628ec\" href=\"http:\/\/espai-marx.net\/sacristan\/wp-content\/uploads\/2024\/07\/Breve-Manal-Identidad-Manuel-Sacristan.pdf\">Breve-Manal-Identidad-Manuel-Sacristan<\/a><a href=\"http:\/\/espai-marx.net\/sacristan\/wp-content\/uploads\/2024\/07\/Breve-Manal-Identidad-Manuel-Sacristan.pdf\" class=\"wp-block-file__button wp-element-button\" download aria-describedby=\"wp-block-file--media-7a55f9ad-3641-4eb5-ab2f-8b00183628ec\">Descarga<\/a><\/div>\n","protected":false},"excerpt":{"rendered":"<p>Aqu\u00ed puedes descargar los logotipos en diversos tama\u00f1os y formatos: Si\u00e9ntete libre de usarlos para las actividades que quieras organizar<\/p>\n","protected":false},"author":4,"featured_media":0,"parent":0,"menu_order":4,"comment_status":"closed","ping_status":"closed","template":"","meta":{"footnotes":""},"class_list":["post-28","page","type-page","status-publish","hentry"],"_links":{"self":[{"href":"https:\/\/espai-marx.net\/sacristan\/index.php?rest_route=\/wp\/v2\/pages\/28","targetHints":{"allow":["GET"]}}],"collection":[{"href":"https:\/\/espai-marx.net\/sacristan\/index.php?rest_route=\/wp\/v2\/pages"}],"about":[{"href":"https:\/\/espai-marx.net\/sacristan\/index.php?rest_route=\/wp\/v2\/types\/page"}],"author":[{"embeddable":true,"href":"https:\/\/espai-marx.net\/sacristan\/index.php?rest_route=\/wp\/v2\/users\/4"}],"replies":[{"embeddable":true,"href":"https:\/\/espai-marx.net\/sacristan\/index.php?rest_route=%2Fwp%2Fv2%2Fcomments&post=28"}],"version-history":[{"count":4,"href":"https:\/\/espai-marx.net\/sacristan\/index.php?rest_route=\/wp\/v2\/pages\/28\/revisions"}],"predecessor-version":[{"id":1185,"href":"https:\/\/espai-marx.net\/sacristan\/index.php?rest_route=\/wp\/v2\/pages\/28\/revisions\/1185"}],"wp:attachment":[{"href":"https:\/\/espai-marx.net\/sacristan\/index.php?rest_route=%2Fwp%2Fv2%2Fmedia&parent=28"}],"curies":[{"name":"wp","href":"https:\/\/api.w.org\/{rel}","templated":true}]}}